{"id":44,"date":"2017-11-26T12:20:03","date_gmt":"2017-11-26T11:20:03","guid":{"rendered":"https:\/\/dudaszek.de\/wordpress\/?page_id=44"},"modified":"2020-10-19T16:54:22","modified_gmt":"2020-10-19T14:54:22","slug":"r2maeh2","status":"publish","type":"page","link":"https:\/\/dudaszek.de\/wordpress\/projekte\/r2maeh2\/","title":{"rendered":"R2M\u00e4h2"},"content":{"rendered":"<p><em><strong>23.09.2017&nbsp;&nbsp;&nbsp;&nbsp;&nbsp;&nbsp;&nbsp;&nbsp;&nbsp;&nbsp; <\/strong><a href=\"https:\/\/dudaszek.de\/wordpress\/\"><span style=\"text-decoration: underline;\">zur\u00fcck zur Startseite<\/span><\/a><\/em><em><strong><br \/>\n<\/strong><\/em><\/p>\n<p><span style=\"color: #000000;\"><b>Der ferngesteuerte Rasenm\u00e4her oder auch R2M\u00e4h2<\/b><\/span><\/p>\n<p><span style=\"color: #000000;\">Nachdem die Idee erstmals in meinem Kopf war, wurde ich sie einfach nicht mehr los\u2026<\/span><br \/>\n<span style=\"color: #000000;\">Im Internet findet man viele Eigenbauten und auch einiges was man k\u00e4uflich erwerben kann, zum Thema ferngesteuerter Rasenm\u00e4her.<\/span> <span style=\"color: #000000;\">Ich habe mich mal durch die ganzen Foren, Blogs und Herstellerseiten gew\u00fchlt, und die Ideen gesammelt. <\/span><br \/>\n<span style=\"color: #000000;\">Mir gef\u00e4llt nach allem was ich gesehen habe der <span style=\"text-decoration: underline;\"><a href=\"http:\/\/evatech.net\/22T2009.php\"><span style=\"color: #3333ff; text-decoration: underline;\">Goat 22T<\/span><\/a><\/span> am besten, allerdings ist der f\u00fcr den Schn\u00e4ppchenpreis von ca. 10.000$ doch ein bisschen zu teuer. Aber die Idee den M\u00e4her als Hybrid zu bauen finde ich gut.<\/span> <span style=\"color: #000000;\">Also alter Rasenm\u00e4her mit Benzinmotor, auf fahrbarem Gestell mit Elektromotoren.&nbsp;<\/span><span style=\"color: #000000;\">Wenn diese Konstellation noch mit einer Lichtmaschine erg\u00e4nzt wird, muss man den Akku der E-Motoren nicht mehr laden und die Maschine nur noch tanken. Das geht deutlich schneller \ud83d\ude09<\/span><\/p>\n<p><span style=\"color: #000000;\">In Summe will ich das Projekt mit max. 500\u20ac umsetzten, da bin ich mal gespannt wie weit man da kommt. Im Netz gibt es ein Video, der Kollege hat allein f\u00fcr seinen Raubenantrieb \u00fcber 2.000\u20ac hingelegt. <\/span><br \/>\n<span style=\"color: #000000;\">Auf meinen Recherchen bin ich auch auf ein Arduino-Projekt f\u00fcr einen Rasenm\u00e4hroboter gesto\u00dfen, unter <span style=\"text-decoration: underline;\"><a href=\"http:\/\/www.ardumower.de\/index.php\/de\/\">http:\/\/www.ardumower.de\/index.php\/de\/<\/a><\/span> findet man alles Wissenswerte \u00fcber das Projekt. <\/span><br \/>\n<span style=\"color: #000000;\">Wenn mir das mit der Fernsteuerung dann irgendwann zu bl\u00f6d wird, sollte der Umbau zum Rasenm\u00e4hroboter nicht sehr schwer werden.<\/span><br \/>\n<span style=\"color: #000000;\">Es gibt auch ein paar Varianten die vom Typ her eher einem \u201eUniversalger\u00e4tetr\u00e4ger\u201c entsprechen, dass ist auch nicht schlecht, im Sommer h\u00e4ngt man dann den Rasenm\u00e4her ein und im Winter die Schneefr\u00e4se oder wenn mal was schweres in den Garten muss, kommt einfach eine Mulde drauf. <\/span><\/p>\n<p><span style=\"color: #000000;\">Ich hab mal ein paar Projekte die mir gut gefallen haben gesammelt und stell sie euch hier als Link ein: <\/span><\/p>\n<p><span style=\"text-decoration: underline;\"><span style=\"color: #000000; text-decoration: underline;\"><a href=\"https:\/\/makezine.com\/projects\/lawnbot400\/\"><span style=\"color: #3333ff; text-decoration: underline;\">https:\/\/makezine.com\/projects\/lawnbot400\/<\/span><\/a><\/span><\/span><\/p>\n<p><span style=\"text-decoration: underline;\"><span style=\"color: #000000; text-decoration: underline;\"><a href=\"https:\/\/www.ulrichc.de\/project\/3rdparty\/rc-rasenmaeher\/\"><span style=\"color: #3333ff; text-decoration: underline;\">https:\/\/www.ulrichc.de\/project\/3rdparty\/rc-rasenmaeher\/<\/span><\/a><\/span><\/span><\/p>\n<p><span style=\"text-decoration: underline;\"><span style=\"color: #000000; text-decoration: underline;\"><a href=\"http:\/\/www.mayrover.de\/projekte\/ferngesteuerter-rasenmaeher.html\"><span style=\"color: #3333ff; text-decoration: underline;\">http:\/\/www.mayrover.de\/projekte\/ferngesteuerter-rasenmaeher.html<\/span><\/a><\/span><\/span><\/p>\n<p><span style=\"color: #000000;\">Frei nach dem Motto ich versuch mich mal, will ich das Projekt R2M\u00e4h2 jetzt angehen. Vor allem steht auch noch ein Monat Elternzeit aus, der will schlie\u00dflich gut genutzt sein \ud83d\ude09 kommt ja auch den Kleinen zugute, denn irgendwann sollen die Kinder ja mal den Rasen m\u00e4hen&#8230;.<\/span><\/p>\n<p><span style=\"text-decoration: underline;\"><a href=\"https:\/\/dudaszek.de\/wordpress\/r2maeh2\/die-liste\/\">Hier geht&#8217;s weiter&#8230;<\/a><\/span><\/p>\n","protected":false},"excerpt":{"rendered":"<p>23.09.2017&nbsp;&nbsp;&nbsp;&nbsp;&nbsp;&nbsp;&nbsp;&nbsp;&nbsp;&nbsp; zur\u00fcck zur Startseite Der ferngesteuerte Rasenm\u00e4her oder auch R2M\u00e4h2 Nachdem die Idee erstmals in meinem Kopf war, wurde ich sie einfach nicht mehr los\u2026 Im Internet findet man viele Eigenbauten und auch einiges was man k\u00e4uflich erwerben kann, zum Thema ferngesteuerter Rasenm\u00e4her. Ich habe mich mal durch die ganzen Foren, Blogs und Herstellerseiten gew\u00fchlt, [&hellip;]<\/p>\n","protected":false},"author":1,"featured_media":0,"parent":56,"menu_order":10,"comment_status":"closed","ping_status":"closed","template":"","meta":{"footnotes":""},"class_list":["post-44","page","type-page","status-publish","hentry"],"_links":{"self":[{"href":"https:\/\/dudaszek.de\/wordpress\/wp-json\/wp\/v2\/pages\/44","targetHints":{"allow":["GET"]}}],"collection":[{"href":"https:\/\/dudaszek.de\/wordpress\/wp-json\/wp\/v2\/pages"}],"about":[{"href":"https:\/\/dudaszek.de\/wordpress\/wp-json\/wp\/v2\/types\/page"}],"author":[{"embeddable":true,"href":"https:\/\/dudaszek.de\/wordpress\/wp-json\/wp\/v2\/users\/1"}],"replies":[{"embeddable":true,"href":"https:\/\/dudaszek.de\/wordpress\/wp-json\/wp\/v2\/comments?post=44"}],"version-history":[{"count":11,"href":"https:\/\/dudaszek.de\/wordpress\/wp-json\/wp\/v2\/pages\/44\/revisions"}],"predecessor-version":[{"id":487,"href":"https:\/\/dudaszek.de\/wordpress\/wp-json\/wp\/v2\/pages\/44\/revisions\/487"}],"up":[{"embeddable":true,"href":"https:\/\/dudaszek.de\/wordpress\/wp-json\/wp\/v2\/pages\/56"}],"wp:attachment":[{"href":"https:\/\/dudaszek.de\/wordpress\/wp-json\/wp\/v2\/media?parent=44"}],"curies":[{"name":"wp","href":"https:\/\/api.w.org\/{rel}","templated":true}]}}