{"id":47,"date":"2017-11-26T12:20:43","date_gmt":"2017-11-26T11:20:43","guid":{"rendered":"https:\/\/dudaszek.de\/wordpress\/?page_id=47"},"modified":"2020-10-19T16:54:38","modified_gmt":"2020-10-19T14:54:38","slug":"die-liste","status":"publish","type":"page","link":"https:\/\/dudaszek.de\/wordpress\/projekte\/r2maeh2\/die-liste\/","title":{"rendered":"Die Liste"},"content":{"rendered":"<p><em><strong>07.10.2017&nbsp;&nbsp;&nbsp;&nbsp;&nbsp;&nbsp;&nbsp;&nbsp;&nbsp;&nbsp; <\/strong><a href=\"https:\/\/dudaszek.de\/wordpress\/projekte\/r2maeh2\/\">zur\u00fcck<\/a><\/em><\/p>\n<p><span style=\"color: #000000;\">Nachdem ich jetzt eine grobe Vorstellung habe wie das Ding aussehen soll, muss ich mal schauen, was ich daf\u00fcr alles brauche.<\/span><\/p>\n<p><span style=\"color: #000000;\">Ich habe noch eine alte Spektrum <em>DX6i<\/em> rumliegen, deshalb werde ich mir hierf\u00fcr den passenden Empf\u00e4nger besorgen. <\/span><\/p>\n<p><span style=\"color: #000000;\">Die Auswahl der Motoren f\u00e4llt mir sehr schwer. Da ich Empf\u00e4nger und Fahrtenregler aus dem Modellbau verwenden will und alles mit einer Autobatterie spei\u00dfen m\u00f6chte, wird das ganze System auf 12V ausgelegt. Hier sei gleich gesagt, 24V Motoren mit ordentlichem Drehmoment findet man leichter Stichwort &#8222;elektrischer Rollstuhl&#8220;. Im Internet st\u00f6\u00dft man auf Eigenbauten mit Motoren von 2 Nm bis 300Nm, nat\u00fcrlich auch je nach Gr\u00f6\u00dfe der Maschine. Die Hauptfrage wieviel Drehmoment meine Motoren haben m\u00fcssen bleibt leider unklar, beschaffen werde ich mir 2 Motoren die ein Nennmoment von 4 Nm haben, aber kurzzeitig bis 22 Nm bringen k\u00f6nnen. Die Motoren habe ich auf Ebay gefunden, und da das Projekt nicht zu teuer werden soll, habe ich mich f\u00fcr die 4 Nm Variante entschieden. Die Motoren gibt es in der gleichen Baugr\u00f6\u00dfe n\u00e4mlich auch mit doppelt so viel Leistung. Im Notfall k\u00f6nnte ich noch auf die gr\u00f6\u00dfere Variante umschwenken.<\/span><\/p>\n<p><span style=\"color: #000000;\">Wenn ich einen Rasenm\u00e4her mit E-Starter finde brauche ich auch noch ein Relais, dass ich \u00fcber die Fernbediengung ansteuern kann. Damit k\u00f6nnte ich den Rasenm\u00e4her aus der Ferne starten. Die <em>DX6i<\/em> verf\u00fcgt \u00fcber eine \u201eMotor<i> <\/i><em>Not Aus<\/em>\u201c Funktion (Throttle Cut), welche man auch \u00fcber so ein Relais implementieren k\u00f6nnte.<\/span><\/p>\n<p><span style=\"color: #000000;\">Ich hab mir mal eine Liste mit den ersten Komponenten erstellt, die ich voraussichtlich brauche:<\/span><\/p>\n<p style=\"padding-left: 60px;\"><span style=\"color: #000000;\">Fernbedienung: Spektrum Dx6i (Bestand)<\/span><\/p>\n<p style=\"padding-left: 60px;\"><span style=\"color: #000000;\">Empf\u00e4nger:<\/span> <span style=\"text-decoration: underline; color: #0000ff;\"><a style=\"color: #0000ff;\" href=\"http:\/\/www.ebay.de\/itm\/RC-OrangeRx-R615X-DSM2-DSMX-Compatible-6Ch-2-4GHz-Receiver-w-CPPM-Dual-Antenne-\/122624949744\"><span lang=\"en-US\">RC OrangeRx R615X DSM2\/DSMX Compatible 6Ch 2.4GHz Receiver<\/span><\/a><\/span><\/p>\n<p style=\"padding-left: 60px;\"><span style=\"color: #000000;\">Fahrtenregler:<\/span> <a href=\"http:\/\/www.ebay.de\/itm\/Original-Hobbywing-Quicrun-WP-860-Dual-Brushed-Waterproof-Motor-60A-ESC-Car-\/122164765265?epid=1437928110&amp;hash=item1c71966251:g:DNYAAOSw8w1X81om\"><span style=\"text-decoration: underline; color: #0000ff;\">Quicrun WP860 Dual Brushed<\/span><\/a><\/p>\n<p style=\"padding-left: 60px;\"><span style=\"color: #000000;\">Elektromotoren:<\/span> <span style=\"text-decoration: underline; color: #0000ff;\"><a style=\"color: #0000ff; text-decoration: underline;\" href=\"http:\/\/www.ebay.de\/itm\/WG65BD62-2-Getriebemotor-62mm-12V-30W-65U-min-22Nm-Torantrieb-Fenster-Grill-\/322482594020?hash=item4b1575e0e4:g:c8gAAOSwh2xYBo3o\">WG65BD62-2&nbsp;Getriebemotor<\/a><\/span><\/p>\n<p style=\"padding-left: 60px;\"><span style=\"color: #000000;\">RC Schalter: <\/span><span style=\"text-decoration: underline; color: #0000ff;\"><a style=\"color: #0000ff;\" href=\"http:\/\/www.krickshop.de\/Produkte\/Neuheiten-2017\/Duo-Switch-Memory-2-K-Schaltmodul.htm?SessionId=&amp;a=article&amp;ProdNr=67202&amp;p=21462\"><span lang=\"en-US\">Schaltmodul 2. Kanal Memory max 3A<\/span><\/a><\/span><\/p>\n<p style=\"padding-left: 60px;\"><span style=\"color: #000000;\">Schaltverst\u00e4rkung f\u00fcr Relais: <\/span><span style=\"text-decoration: underline; color: #0000ff;\"><a style=\"color: #0000ff; text-decoration: underline;\" href=\"http:\/\/www.krickshop.de\/Relais-Modul-f-Multi-Switch.htm?SessionId=&amp;a=article&amp;ProdNr=ro8442\"><span lang=\"en-US\">Relais Modul f. Multi-Switch auf 16A<\/span><\/a><\/span><\/p>\n<p style=\"padding-left: 60px;\"><span style=\"color: #000000;\">Autobatterie 44Ah gibt&#8217;s bei Amazon<\/span><\/p>\n<p style=\"padding-left: 60px;\"><span style=\"color: #000000;\">Batterieschnellverbinder gibt&#8217;s bei Amazon<\/span><\/p>\n<p style=\"padding-left: 60px;\"><span style=\"color: #000000;\">Kabel, Abzweigdose, Sicherung, Klemmen, etc. aus dem Baumarkt<\/span><\/p>\n<p><span style=\"color: #000000;\">F\u00fcr die ersten Testl\u00e4ufe sollte das reichen.<\/span><\/p>\n<p><a href=\"https:\/\/dudaszek.de\/wordpress\/projekte\/r2maeh2\/der-prototyp\/\"><span style=\"color: #0000ff;\">Hier geht&#8217;s weiter&#8230;<\/span><\/a><\/p>\n","protected":false},"excerpt":{"rendered":"<p>07.10.2017&nbsp;&nbsp;&nbsp;&nbsp;&nbsp;&nbsp;&nbsp;&nbsp;&nbsp;&nbsp; zur\u00fcck Nachdem ich jetzt eine grobe Vorstellung habe wie das Ding aussehen soll, muss ich mal schauen, was ich daf\u00fcr alles brauche. Ich habe noch eine alte Spektrum DX6i rumliegen, deshalb werde ich mir hierf\u00fcr den passenden Empf\u00e4nger besorgen. Die Auswahl der Motoren f\u00e4llt mir sehr schwer. Da ich Empf\u00e4nger und Fahrtenregler aus dem [&hellip;]<\/p>\n","protected":false},"author":1,"featured_media":0,"parent":44,"menu_order":11,"comment_status":"closed","ping_status":"closed","template":"","meta":{"footnotes":""},"class_list":["post-47","page","type-page","status-publish","hentry"],"_links":{"self":[{"href":"https:\/\/dudaszek.de\/wordpress\/wp-json\/wp\/v2\/pages\/47","targetHints":{"allow":["GET"]}}],"collection":[{"href":"https:\/\/dudaszek.de\/wordpress\/wp-json\/wp\/v2\/pages"}],"about":[{"href":"https:\/\/dudaszek.de\/wordpress\/wp-json\/wp\/v2\/types\/page"}],"author":[{"embeddable":true,"href":"https:\/\/dudaszek.de\/wordpress\/wp-json\/wp\/v2\/users\/1"}],"replies":[{"embeddable":true,"href":"https:\/\/dudaszek.de\/wordpress\/wp-json\/wp\/v2\/comments?post=47"}],"version-history":[{"count":15,"href":"https:\/\/dudaszek.de\/wordpress\/wp-json\/wp\/v2\/pages\/47\/revisions"}],"predecessor-version":[{"id":488,"href":"https:\/\/dudaszek.de\/wordpress\/wp-json\/wp\/v2\/pages\/47\/revisions\/488"}],"up":[{"embeddable":true,"href":"https:\/\/dudaszek.de\/wordpress\/wp-json\/wp\/v2\/pages\/44"}],"wp:attachment":[{"href":"https:\/\/dudaszek.de\/wordpress\/wp-json\/wp\/v2\/media?parent=47"}],"curies":[{"name":"wp","href":"https:\/\/api.w.org\/{rel}","templated":true}]}}