{"id":80,"date":"2017-11-30T21:27:55","date_gmt":"2017-11-30T20:27:55","guid":{"rendered":"https:\/\/dudaszek.de\/wordpress\/?page_id=80"},"modified":"2020-10-19T16:55:28","modified_gmt":"2020-10-19T14:55:28","slug":"lernturm","status":"publish","type":"page","link":"https:\/\/dudaszek.de\/wordpress\/projekte\/lernturm\/","title":{"rendered":"Lernturm"},"content":{"rendered":"<p><em><strong>12.11.2017&nbsp;&nbsp;&nbsp;&nbsp;&nbsp;&nbsp;&nbsp;&nbsp;&nbsp;&nbsp; <\/strong><a href=\"https:\/\/dudaszek.de\/wordpress\/\"><span style=\"text-decoration: underline;\">zur\u00fcck zur Startseite<\/span><\/a><\/em><em><strong><br \/>\n<\/strong><\/em><\/p>\n<p>Unsere Kleine soll in der K\u00fcche besser mithelfen k\u00f6nnen. Um an die Arbeitsfl\u00e4che zu kommen, m\u00fcsste sie auf einen Stuhl oder Hocker steigen. Da stellen sich mir die Haare zu Berge, denn Haushalt ist t\u00f6dlicher als Autofahren.<br \/>\nAbhilfe schafft der Montessori Lernturm, wenigstens bei den kleinen Mitb\u00fcrgern \ud83d\ude09<\/p>\n<p>Das h\u00f6rt sich erst mal ziemlich m\u00e4chtig an, ist aber eigentlich nur ein Ikeahocker mit Gel\u00e4nder. Quasi ein Hochstand. Wenn man sich im Netz ein bisschen umschaut, findet man auch eine h\u00f6henverstellbare Variante, welche aber eher aussieht wie ein Laufstall auf Stelzen.<br \/>\nDa unsere K\u00fcche sehr klein ist, w\u00e4hle ich die Variante mit dem Ikeahocker.<\/p>\n<p>Aus dem Baumarkt habe ich mir nach langem Suchen noch eine 2m langes 18er Fichtenbrett geholt. Langes Suchen, weil ein gerades Brett im Baumarkt ist wirklich selten. Eine Holzstange 20mm Durchmesser min. 31cm lang und ein 2m Vierkant 28mm x 28mm landeten auch noch im Wagen.<br \/>\nZuges\u00e4gt habe ich dann alles wie folgt:<\/p>\n<p style=\"padding-left: 30px;\">4 x&nbsp;&nbsp;&nbsp; 410mm Vierkant 28&#215;28 (ergibt eine Gesamth\u00f6he von 91cm, entspricht unsere Arbeitsplatte)<br \/>\n2 x&nbsp;&nbsp;&nbsp; 392mm 18er Brett<br \/>\n4 x&nbsp;&nbsp;&nbsp; 238mm 18er Brett<br \/>\n1 x&nbsp;&nbsp;&nbsp; 310mm Rundholz<\/p>\n<p>Dann braucht man nat\u00fcrlich noch den Ikeahocker (BEKV\u00c4M in Natur f\u00fcr 12.99Euro).<br \/>\nMit dem elektrischen Hobel habe ich alle Kanten an den Vierkanth\u00f6lzern und an den Brettern gebrochen, damit man das alles sch\u00f6n anfassen kann.<br \/>\nDen Hocker kann man so wie in der Anleitung beschrieben zusammen bauen, bis zum vorletzten Schritt. Dann hat man einen fast fertigen Hocker und die obere Trittplatte ist noch \u00fcbrig.<br \/>\nAuf der Unterseite der Trittplatte zeichne ich mir nun in den Ecken ein, wie die Vierkanth\u00f6lzer sp\u00e4ter auf der Oberseite stehen. Ich setze sie nicht ganz an den Rand, sondern b\u00fcndig mit der Fase der Trittplatte.<\/p>\n<p><img loading=\"lazy\" decoding=\"async\" class=\"alignnone size-medium wp-image-92 aligncenter\" src=\"https:\/\/dudaszek.de\/wordpress\/wp-content\/uploads\/2017\/11\/Lernturm_001-300x202.jpg\" alt=\"\" width=\"300\" height=\"202\" srcset=\"https:\/\/192.168.1.150\/wordpress\/wp-content\/uploads\/2017\/11\/Lernturm_001-300x202.jpg 300w, https:\/\/192.168.1.150\/wordpress\/wp-content\/uploads\/2017\/11\/Lernturm_001-768x518.jpg 768w, https:\/\/192.168.1.150\/wordpress\/wp-content\/uploads\/2017\/11\/Lernturm_001-1024x691.jpg 1024w, https:\/\/192.168.1.150\/wordpress\/wp-content\/uploads\/2017\/11\/Lernturm_001.jpg 1316w\" sizes=\"auto, (max-width: 300px) 100vw, 300px\" \/><\/p>\n<p>Im Mittelpunkt bohre ich f\u00fcr meine Schraube vor. Auch bei den Vierkanth\u00f6lzern zeichne ich mir stirnseitig die Mitte an und bohre vor, damit sie mir beim Verschrauben nicht rei\u00dfen.<br \/>\nAm oberen Ende der beiden hinteren Pfosten bohre ich mit dem 20er Forstnerbohrer jeweils ein 5mm tiefes Loch. Hier wird sp\u00e4ter das Rundholz eingesetzt.<br \/>\nF\u00fcr das Fixieren der Pfosten nehme ich Holzschrauben 8,0 x 60mm, da hier die gr\u00f6\u00dfte Belastung auftritt. F\u00fcr den Rest reichen 4,5 x 40mm Schrauben locker aus.<\/p>\n<p><img loading=\"lazy\" decoding=\"async\" class=\"alignnone size-medium wp-image-88 aligncenter\" src=\"https:\/\/dudaszek.de\/wordpress\/wp-content\/uploads\/2017\/11\/Lernturm_01-225x300.jpg\" alt=\"\" width=\"225\" height=\"300\" srcset=\"https:\/\/192.168.1.150\/wordpress\/wp-content\/uploads\/2017\/11\/Lernturm_01-225x300.jpg 225w, https:\/\/192.168.1.150\/wordpress\/wp-content\/uploads\/2017\/11\/Lernturm_01-768x1024.jpg 768w, https:\/\/192.168.1.150\/wordpress\/wp-content\/uploads\/2017\/11\/Lernturm_01.jpg 1560w\" sizes=\"auto, (max-width: 225px) 100vw, 225px\" \/><br \/>\nNachdem die 4 Pfosten stehen kommt jetzt ein bisschen Leim in die L\u00f6cher der beiden hinteren Pfosten und unter leichtem Auseinanderdr\u00fccken kann man das Rundholz als hinteres Gel\u00e4nder einsetzen.<br \/>\nJetzt nur noch die Bretter an den Seiten und Vorne anschrauben. Ich lasse das vordere Brett so weit links und rechts \u00fcberstehen, dass die seitlichen verdeckt werden. Wenn man will kann man die Bretter auch auf G\u00e4rung s\u00e4gen, das schaut bestimmt auch nicht schlecht aus.<\/p>\n<p><img loading=\"lazy\" decoding=\"async\" class=\"alignnone size-medium wp-image-93 aligncenter\" src=\"https:\/\/dudaszek.de\/wordpress\/wp-content\/uploads\/2017\/11\/Lernturm_11-285x300.jpg\" alt=\"\" width=\"285\" height=\"300\" srcset=\"https:\/\/192.168.1.150\/wordpress\/wp-content\/uploads\/2017\/11\/Lernturm_11-285x300.jpg 285w, https:\/\/192.168.1.150\/wordpress\/wp-content\/uploads\/2017\/11\/Lernturm_11-768x807.jpg 768w, https:\/\/192.168.1.150\/wordpress\/wp-content\/uploads\/2017\/11\/Lernturm_11-974x1024.jpg 974w, https:\/\/192.168.1.150\/wordpress\/wp-content\/uploads\/2017\/11\/Lernturm_11.jpg 1170w\" sizes=\"auto, (max-width: 285px) 100vw, 285px\" \/><\/p>\n<p>Zum Befestigen nehme ich jeweils 4 Schrauben und auch hier bohre ich die Bretter und die Pfosten vor, damit nix rei\u00dft. Bei den unteren Brettern lasse ich einen Abstand von 8cm zur Trittfl\u00e4che, die oberen Bretter schlie\u00dfen b\u00fcndig mit den Pfosten ab.<\/p>\n<p><img loading=\"lazy\" decoding=\"async\" class=\"alignnone size-medium wp-image-94 aligncenter\" src=\"https:\/\/dudaszek.de\/wordpress\/wp-content\/uploads\/2017\/11\/Lernturm_12-231x300.jpg\" alt=\"\" width=\"231\" height=\"300\" srcset=\"https:\/\/192.168.1.150\/wordpress\/wp-content\/uploads\/2017\/11\/Lernturm_12-231x300.jpg 231w, https:\/\/192.168.1.150\/wordpress\/wp-content\/uploads\/2017\/11\/Lernturm_12-768x998.jpg 768w, https:\/\/192.168.1.150\/wordpress\/wp-content\/uploads\/2017\/11\/Lernturm_12-788x1024.jpg 788w, https:\/\/192.168.1.150\/wordpress\/wp-content\/uploads\/2017\/11\/Lernturm_12.jpg 1170w\" sizes=\"auto, (max-width: 231px) 100vw, 231px\" \/><br \/>\nWenn alles auf der Trittplatte verschraubt ist, einfach noch den letzten Schritt aus der Bauanleitung des Hockers machen und fertig ist der Montessori-Lernturm.<\/p>\n<p><img loading=\"lazy\" decoding=\"async\" class=\"alignnone size-medium wp-image-96 aligncenter\" src=\"https:\/\/dudaszek.de\/wordpress\/wp-content\/uploads\/2017\/11\/Lernturm_21-220x300.jpg\" alt=\"\" width=\"220\" height=\"300\" srcset=\"https:\/\/192.168.1.150\/wordpress\/wp-content\/uploads\/2017\/11\/Lernturm_21-220x300.jpg 220w, https:\/\/192.168.1.150\/wordpress\/wp-content\/uploads\/2017\/11\/Lernturm_21-768x1045.jpg 768w, https:\/\/192.168.1.150\/wordpress\/wp-content\/uploads\/2017\/11\/Lernturm_21-752x1024.jpg 752w, https:\/\/192.168.1.150\/wordpress\/wp-content\/uploads\/2017\/11\/Lernturm_21.jpg 1166w\" sizes=\"auto, (max-width: 220px) 100vw, 220px\" \/><\/p>\n<p>&nbsp;<\/p>\n<p><img loading=\"lazy\" decoding=\"async\" class=\"alignnone size-medium wp-image-98 aligncenter\" src=\"https:\/\/dudaszek.de\/wordpress\/wp-content\/uploads\/2017\/11\/Lernturm_23-169x300.jpg\" alt=\"\" width=\"169\" height=\"300\" srcset=\"https:\/\/192.168.1.150\/wordpress\/wp-content\/uploads\/2017\/11\/Lernturm_23-169x300.jpg 169w, https:\/\/192.168.1.150\/wordpress\/wp-content\/uploads\/2017\/11\/Lernturm_23-768x1365.jpg 768w, https:\/\/192.168.1.150\/wordpress\/wp-content\/uploads\/2017\/11\/Lernturm_23-576x1024.jpg 576w, https:\/\/192.168.1.150\/wordpress\/wp-content\/uploads\/2017\/11\/Lernturm_23.jpg 1170w\" sizes=\"auto, (max-width: 169px) 100vw, 169px\" \/><\/p>\n<p>Ich hab zum Schluss alles noch ein bisschen mit Schleifpapier behandelt, damit sich die neue K\u00fcchenchefin keinen Splitter holen kann.<br \/>\nLeider waren die F\u00fc\u00dfe des Ikeahockers nicht gleich lang (schwache Leistung ein Hocker der wackelt, da kann ich mich ja gleich wieder auf einen Stuhl stellen),&nbsp; ich hab an einen Fu\u00df dann noch ein d\u00fcnnes Holzbl\u00e4ttchen angeklebt.<\/p>\n<p>Materialeinsatz ca.24\u20ac und Zeitaufwand etwa 3 Stunden.<\/p>\n<p><strong>Fazit:<\/strong><br \/>\nEin gro\u00dfer Benefit f\u00fcr&#8217;s kleine Geld.<\/p>\n","protected":false},"excerpt":{"rendered":"<p>12.11.2017&nbsp;&nbsp;&nbsp;&nbsp;&nbsp;&nbsp;&nbsp;&nbsp;&nbsp;&nbsp; zur\u00fcck zur Startseite Unsere Kleine soll in der K\u00fcche besser mithelfen k\u00f6nnen. Um an die Arbeitsfl\u00e4che zu kommen, m\u00fcsste sie auf einen Stuhl oder Hocker steigen. Da stellen sich mir die Haare zu Berge, denn Haushalt ist t\u00f6dlicher als Autofahren. Abhilfe schafft der Montessori Lernturm, wenigstens bei den kleinen Mitb\u00fcrgern \ud83d\ude09 Das h\u00f6rt sich [&hellip;]<\/p>\n","protected":false},"author":1,"featured_media":0,"parent":56,"menu_order":20,"comment_status":"closed","ping_status":"closed","template":"","meta":{"footnotes":""},"class_list":["post-80","page","type-page","status-publish","hentry"],"_links":{"self":[{"href":"https:\/\/dudaszek.de\/wordpress\/wp-json\/wp\/v2\/pages\/80","targetHints":{"allow":["GET"]}}],"collection":[{"href":"https:\/\/dudaszek.de\/wordpress\/wp-json\/wp\/v2\/pages"}],"about":[{"href":"https:\/\/dudaszek.de\/wordpress\/wp-json\/wp\/v2\/types\/page"}],"author":[{"embeddable":true,"href":"https:\/\/dudaszek.de\/wordpress\/wp-json\/wp\/v2\/users\/1"}],"replies":[{"embeddable":true,"href":"https:\/\/dudaszek.de\/wordpress\/wp-json\/wp\/v2\/comments?post=80"}],"version-history":[{"count":16,"href":"https:\/\/dudaszek.de\/wordpress\/wp-json\/wp\/v2\/pages\/80\/revisions"}],"predecessor-version":[{"id":490,"href":"https:\/\/dudaszek.de\/wordpress\/wp-json\/wp\/v2\/pages\/80\/revisions\/490"}],"up":[{"embeddable":true,"href":"https:\/\/dudaszek.de\/wordpress\/wp-json\/wp\/v2\/pages\/56"}],"wp:attachment":[{"href":"https:\/\/dudaszek.de\/wordpress\/wp-json\/wp\/v2\/media?parent=80"}],"curies":[{"name":"wp","href":"https:\/\/api.w.org\/{rel}","templated":true}]}}